{"id":652,"date":"2026-02-18T10:06:28","date_gmt":"2026-02-18T09:06:28","guid":{"rendered":"https:\/\/br26.offbit.com\/?page_id=652"},"modified":"2026-03-03T13:49:28","modified_gmt":"2026-03-03T12:49:28","slug":"imprint","status":"publish","type":"page","link":"https:\/\/bentsrosenkranz.com\/en\/imprint\/","title":{"rendered":"Imprint"},"content":{"rendered":"<h4>Impressum<\/h4>\n<p>Bents Rosenkranz International Executive Consultants GbR<\/p>\n<p style=\"text-align: left;\">Uhlenhorster Weg 15<br \/>\n22085 Hamburg<br \/>\nDeutschland<\/p>\n<p style=\"text-align: left;\">+49 (40) 271 418 88<\/p>\n<p>Handelsregisternummer HRB 136142, Amtsgericht Hamburg,<br \/>\nGesch\u00e4ftsf\u00fchrer: Dr. Hinrich Bents<br \/>\nSteuernummer: 43\/605\/02975<br \/>\nSteuer ID: DE357962692<\/p>\n<h4>Datenschutz:<\/h4>\n<p>Der Schutz Ihrer personenbezogenen Daten ist uns ein wichtiges Anliegen. Daher betreiben wir unsere Web-Aktivit\u00e4ten in sorgf\u00e4ltiger \u00dcbereinstimmung mit den Gesetzen zum Datenschutz und zur Datensicherheit. In der Rubrik Datenschutz finden Sie Informationen, welche Daten w\u00e4hrend Ihres Besuchs auf unserer Homepage erfasst und wie diese genutzt werden.<\/p>\n<p>Ohne Ihre Zustimmung sammeln wir \u00fcber unsere Webseite keinerlei personenbezogene Daten. Allein Sie entscheiden dar\u00fcber, ob Sie uns, etwa im Rahmen einer Registrierung, Bestellung o.\u00e4., diese Daten bekannt geben wollen oder nicht. Wir werden diese nur nutzen, speichern oder verarbeiten, soweit Sie, das Bundesdatenschutzgesetz und\/oder erg\u00e4nzende Rechtsvorschriften uns dies erlauben oder gebieten.<\/p>\n<h4>Rechtliche Hinweise:<\/h4>\n<p>Alle Rechte vorbehalten. Alle Informationen, Bilder, Graphiken und Texte auf diesen Webseiten sind Eigentum der Bents Rosenkranz International Executive Consultants GbR. Sie stellen die zum Zeitpunkt der Publikation jeweils neusten uns bekannten Informationen dar. Wir beraten Sie auf dieser Website nicht, und durch den Abruf unserer Website kommt kein Beratungsverh\u00e4ltnis zustande. Eine Haftung oder Garantie f\u00fcr die Aktualit\u00e4t, Richtigkeit und Vollst\u00e4ndigkeit der zur Verf\u00fcgung gestellten Daten und Informationen ist ausgeschlossen. Dies gilt ebenso f\u00fcr alle anderen Websites, auf die mittels eines Hyperlinks verwiesen wird. F\u00fcr deren Inhalt ist weder die Bents Rosenkranz International Executive Consultants GbR noch deren Tochterunternehmen verantwortlich. Bei dem Inhalt der verlinkten Seiten handelt es sich um fremden Inhalt, den wir weder ausgew\u00e4hlt noch ver\u00e4ndert haben.<\/p>\n<p>Die Informationen auf der Webseite stellen in keinem Fall rechtliche oder tats\u00e4chliche Zusicherungen dar. Die Bents Rosenkranz International Executive Consultants GbR und ihre Tochterunternehmen behalten sich das Recht vor, bei Bedarf \u00c4nderungen, L\u00f6schungen oder Erg\u00e4nzungen der bereits gestellten Informationen oder Daten durchzuf\u00fchren. Aus den hier beschriebenen Themenbereichen k\u00f6nnen keine Rechtsanspr\u00fcche hergeleitet werden. Angebote sind in allen Teilen unverbindlich. Weder die Bents Rosenkranz International Executive Consultants GbR oder ihre Tochterunternehmen haften f\u00fcr direkte oder indirekte Sch\u00e4den, die durch die Nutzung der Informationen oder Daten entstehen, die auf dieser Webseite zu finden sind. Rechte und Pflichten zwischen Bents Rosenkranz International Executive Consultants GbR und dem Nutzer der Webseite oder Dritten bestehen nicht. Falls Sie Beratung durch uns w\u00fcnschen oder unsere Dienstleistungen in sonstiger Weise in Anspruch nehmen m\u00f6chten, sprechen Sie uns bitte individuell an.<\/p>\n<p>Die Inhalte der Bents Rosenkranz International Executive Consultants GbR sind urheberrechtlich gesch\u00fctzt. Die Inhalte d\u00fcrfen weder ganz noch teilweise ohne vorherige schriftliche Genehmigung des Urhebers vervielf\u00e4ltigt, weitergegeben und\/ oder ver\u00f6ffentlicht oder in einem Informationssystem gespeichert oder in sonstiger Weise verbreitet werden.<\/p>\n<p class=\"copyright\">\u00a9 2023 by Bents Rosenkranz International Executive Consultants GbR<\/p>\n","protected":false},"excerpt":{"rendered":"<p>Impressum Bents Rosenkranz International Executive Consultants GbR Uhlenhorster Weg 15 22085 Hamburg Deutschland +49 (40) 271 418 88 Handelsregisternummer HRB 136142, Amtsgericht Hamburg, Gesch\u00e4ftsf\u00fchrer: Dr. Hinrich Bents Steuernummer: 43\/605\/02975 Steuer ID: DE357962692 Datenschutz: Der Schutz Ihrer personenbezogenen Daten ist uns ein wichtiges Anliegen. Daher betreiben wir unsere Web-Aktivit\u00e4ten in sorgf\u00e4ltiger \u00dcbereinstimmung mit den Gesetzen zum [&hellip;]<\/p>\n","protected":false},"author":1,"featured_media":0,"parent":0,"menu_order":4,"comment_status":"closed","ping_status":"open","template":"","meta":{"footnotes":""},"class_list":["post-652","page","type-page","status-publish","hentry"],"_links":{"self":[{"href":"https:\/\/bentsrosenkranz.com\/en\/wp-json\/wp\/v2\/pages\/652","targetHints":{"allow":["GET"]}}],"collection":[{"href":"https:\/\/bentsrosenkranz.com\/en\/wp-json\/wp\/v2\/pages"}],"about":[{"href":"https:\/\/bentsrosenkranz.com\/en\/wp-json\/wp\/v2\/types\/page"}],"author":[{"embeddable":true,"href":"https:\/\/bentsrosenkranz.com\/en\/wp-json\/wp\/v2\/users\/1"}],"replies":[{"embeddable":true,"href":"https:\/\/bentsrosenkranz.com\/en\/wp-json\/wp\/v2\/comments?post=652"}],"version-history":[{"count":3,"href":"https:\/\/bentsrosenkranz.com\/en\/wp-json\/wp\/v2\/pages\/652\/revisions"}],"predecessor-version":[{"id":655,"href":"https:\/\/bentsrosenkranz.com\/en\/wp-json\/wp\/v2\/pages\/652\/revisions\/655"}],"wp:attachment":[{"href":"https:\/\/bentsrosenkranz.com\/en\/wp-json\/wp\/v2\/media?parent=652"}],"curies":[{"name":"wp","href":"https:\/\/api.w.org\/{rel}","templated":true}]}}